{"id":502,"date":"2024-11-29T12:00:07","date_gmt":"2024-11-29T12:00:07","guid":{"rendered":"https:\/\/test.malik.lu\/?page_id=502"},"modified":"2025-01-30T10:56:18","modified_gmt":"2025-01-30T10:56:18","slug":"aide-financiere","status":"publish","type":"page","link":"https:\/\/malik.lu\/de\/aide-financiere\/","title":{"rendered":"Finanzielle Hilfe"},"content":{"rendered":"<p><strong>Finanzielle Hilfe<\/strong> zum Austausch Ihrer Fenster in Luxemburg: <br>Das Wesentliche, was Sie wissen sollten<\/p>\n\n\n\n<p><\/p>\n\n\n\n<p><\/p>\n\n\n\n<p><strong>Finanzielle Hilfe f\u00fcr energetische Sanierungen.<br><\/strong>Wenn Sie in Erw\u00e4gung ziehen, Ihre Fenster im Rahmen einer energetischen Renovierung zu ersetzen, sollten Sie wissen, dass Luxemburg mehrere finanzielle Unterst\u00fctzungsm\u00f6glichkeiten bietet, insbesondere durch das Programm Klimabonus Wunnen. Diese Hilfen zielen darauf ab, Haushalte zu ermutigen, die Energieeffizienz ihrer Wohnungen zu verbessern und somit zu den nationalen Klimazielen beizutragen.<\/p>\n\n\n\n<p><\/p>\n\n\n\n<p><\/p>\n\n\n\n<p><strong>Bedingungen f\u00fcr den Erhalt der Hilfen<\/strong><\/p>\n\n\n\n<p>Um berechtigt zu sein:<\/p>\n\n\n\n<ul class=\"wp-block-list\">\n<li>Anciennet\u00e9 du logement&nbsp;: Il doit avoir plus de&nbsp;10 ans.<\/li>\n\n\n\n<li>Conseil pr\u00e9alable&nbsp;: Vous devez obtenir un accord de principe bas\u00e9 sur un conseil \u00e9nerg\u00e9tique effectu\u00e9 par un conseiller agr\u00e9\u00e9 ou un artisan agr\u00e9\u00e9.<\/li>\n\n\n\n<li>Non-cumul des aides&nbsp;: Vous ne devez pas avoir d\u00e9j\u00e0 b\u00e9n\u00e9fici\u00e9 d\u2019un financement similaire dans le cadre des programmes de 2012 ou 2016.<\/li>\n<\/ul>\n\n\n\n<p><\/p>\n\n\n\n<p><\/p>\n\n\n\n<p><strong>H\u00f6he der Unterst\u00fctzung je nach Leistung der Fenster<\/strong><\/p>\n\n\n\n<p>Der Betrag variiert je nach dem U-Wert der installierten Fenster (Thermische Leistungskennzahl):<\/p>\n\n\n\n<ul class=\"wp-block-list\">\n<li>Valeur U minimale (0,85 W\/m\u00b2.K)&nbsp;: 62,5 \u20ac\/m\u00b2<\/li>\n\n\n\n<li>Valeur U renforc\u00e9e (0,80 W\/m\u00b2.K)&nbsp;: 68,75 \u20ac\/m\u00b2<\/li>\n\n\n\n<li>Valeur U \u00e9lev\u00e9e (0,75 W\/m\u00b2.K)&nbsp;: 75 \u20ac\/m\u00b2<\/li>\n<\/ul>\n\n\n\n<p>F\u00fcr den Austausch von 30 m\u00b2 Fenstern kann die Hilfe zwischen 1.875 und 2.250 Euro liegen.<\/p>\n\n\n\n<p><\/p>\n\n\n\n<p><\/p>\n\n\n\n<p><strong>Gemeindliche Hilfen und Pr\u00e4mien der Energieanbieter<\/strong><\/p>\n\n\n\n<p>Einige Gemeinden, wie die Stadt Luxemburg, k\u00f6nnen die staatliche Hilfe um bis zu 50 % des vom Staat gew\u00e4hrten Betrags erg\u00e4nzen.<br>Zudem bieten Energieanbieter wie Enovos Pr\u00e4mien wie die enoprimes an, die bis zu 660 Euro f\u00fcr den Austausch von 30 m\u00b2 Fenstern erreichen k\u00f6nnen.<\/p>\n\n\n\n<p><\/p>\n\n\n\n<p><\/p>\n\n\n\n<p><strong>Weitere Vorteile: Superreduzierte Mehrwertsteuer<\/strong><\/p>\n\n\n\n<p>Sie k\u00f6nnen auch von einem reduzierten Mehrwertsteuersatz von 3 % profitieren, der auf energetische Renovierungsarbeiten anwendbar ist.<\/p>\n\n\n\n<p><\/p>\n\n\n\n<p><\/p>\n\n\n\n<p><strong>Nous vous accompagnons dans :<\/strong><\/p>\n\n\n\n<ul class=\"wp-block-list\">\n<li>Der Planung Ihres Projekts.<\/li>\n\n\n\n<li>L\u2019\u00e9valuation des \u00e9conomies d\u2019\u00e9nergie&nbsp;r\u00e9alisables.<\/li>\n\n\n\n<li>Les d\u00e9marches administratives&nbsp;pour obtenir les primes.<\/li>\n<\/ul>\n\n\n\n<p><\/p>\n\n\n\n<p><\/p>\n\n\n\n<p>Um mehr zu erfahren oder ein Angebot zu erhalten<\/p>\n\n\n\n<p><\/p>\n\n\n\n<p><\/p>\n\n\n\n<p><a href=\"https:\/\/malik.lu\/de\/contactez-nous\/\">Kontaktieren Sie uns<\/a><\/p>","protected":false},"excerpt":{"rendered":"<p>Aides financi\u00e8res pour remplacer vos fen\u00eatres au Luxembourg : les essentiels \u00e0 savoir Des aides financi\u00e8res pour la r\u00e9novation \u00e9nerg\u00e9tique.Si vous envisagez de remplacer vos fen\u00eatres dans le cadre d\u2019une r\u00e9novation \u00e9nerg\u00e9tique, sachez que le Luxembourg propose plusieurs dispositifs d\u2019aides financi\u00e8res, notamment gr\u00e2ce au programme&nbsp;Klimabonus Wunnen. Ces aides visent \u00e0 encourager les m\u00e9nages \u00e0 am\u00e9liorer [&hellip;]<\/p>\n","protected":false},"author":1,"featured_media":0,"parent":0,"menu_order":0,"comment_status":"closed","ping_status":"closed","template":"","meta":{"footnotes":""},"class_list":["post-502","page","type-page","status-publish","hentry"],"_links":{"self":[{"href":"https:\/\/malik.lu\/de\/wp-json\/wp\/v2\/pages\/502","targetHints":{"allow":["GET"]}}],"collection":[{"href":"https:\/\/malik.lu\/de\/wp-json\/wp\/v2\/pages"}],"about":[{"href":"https:\/\/malik.lu\/de\/wp-json\/wp\/v2\/types\/page"}],"author":[{"embeddable":true,"href":"https:\/\/malik.lu\/de\/wp-json\/wp\/v2\/users\/1"}],"replies":[{"embeddable":true,"href":"https:\/\/malik.lu\/de\/wp-json\/wp\/v2\/comments?post=502"}],"version-history":[{"count":6,"href":"https:\/\/malik.lu\/de\/wp-json\/wp\/v2\/pages\/502\/revisions"}],"predecessor-version":[{"id":750,"href":"https:\/\/malik.lu\/de\/wp-json\/wp\/v2\/pages\/502\/revisions\/750"}],"wp:attachment":[{"href":"https:\/\/malik.lu\/de\/wp-json\/wp\/v2\/media?parent=502"}],"curies":[{"name":"wp","href":"https:\/\/api.w.org\/{rel}","templated":true}]}}