{"id":502,"date":"2024-11-29T12:00:07","date_gmt":"2024-11-29T12:00:07","guid":{"rendered":"https:\/\/test.malik.lu\/?page_id=502"},"modified":"2025-01-30T10:56:18","modified_gmt":"2025-01-30T10:56:18","slug":"aide-financiere","status":"publish","type":"page","link":"https:\/\/malik.lu\/bs\/aide-financiere\/","title":{"rendered":"Finansijska pomo\u0107"},"content":{"rendered":"<p><strong>Finansijska pomo\u0107<\/strong> za zamjenu va\u0161ih prozora u Luksemburgu: <br>Osnovne informacije koje trebate znati<\/p>\n\n\n\n<p><\/p>\n\n\n\n<p><\/p>\n\n\n\n<p><strong>Finansijska pomo\u0107 za energetsku obnovu.<br><\/strong>Ako planirate zamijeniti prozore u okviru energetske obnove, trebate znati da Luksemburg nudi nekoliko financijskih potpora, posebno putem programa Klimabonus Wunnen. Ove potpore imaju za cilj poticanje doma\u0107instava da pobolj\u0161aju energetsku u\u010dinkovitost svojih ku\u0107a, \u010dime doprinose nacionalnim klimatskim ciljevima.<\/p>\n\n\n\n<p><\/p>\n\n\n\n<p><\/p>\n\n\n\n<p><strong>Uvjeti za ostvarivanje pomo\u0107i<\/strong><\/p>\n\n\n\n<p>Da biste bili prihva\u0107eni:<\/p>\n\n\n\n<ul class=\"wp-block-list\">\n<li>Anciennet\u00e9 du logement&nbsp;: Il doit avoir plus de&nbsp;10 ans.<\/li>\n\n\n\n<li>Conseil pr\u00e9alable&nbsp;: Vous devez obtenir un accord de principe bas\u00e9 sur un conseil \u00e9nerg\u00e9tique effectu\u00e9 par un conseiller agr\u00e9\u00e9 ou un artisan agr\u00e9\u00e9.<\/li>\n\n\n\n<li>Non-cumul des aides&nbsp;: Vous ne devez pas avoir d\u00e9j\u00e0 b\u00e9n\u00e9fici\u00e9 d\u2019un financement similaire dans le cadre des programmes de 2012 ou 2016.<\/li>\n<\/ul>\n\n\n\n<p><\/p>\n\n\n\n<p><\/p>\n\n\n\n<p><strong>Iznos pomo\u0107i ovisno o u\u010dinkovitosti prozora<\/strong><\/p>\n\n\n\n<p>Iznos pomo\u0107i varira ovisno o U-vrijednosti instaliranih prozora (indikator termi\u010dke u\u010dinkovitosti):<\/p>\n\n\n\n<ul class=\"wp-block-list\">\n<li>Valeur U minimale (0,85 W\/m\u00b2.K)&nbsp;: 62,5 \u20ac\/m\u00b2<\/li>\n\n\n\n<li>Valeur U renforc\u00e9e (0,80 W\/m\u00b2.K)&nbsp;: 68,75 \u20ac\/m\u00b2<\/li>\n\n\n\n<li>Valeur U \u00e9lev\u00e9e (0,75 W\/m\u00b2.K)&nbsp;: 75 \u20ac\/m\u00b2<\/li>\n<\/ul>\n\n\n\n<p>Za zamjenu 30 m\u00b2 prozora, pomo\u0107 mo\u017ee iznositi od 1.875 do 2.250 eura.<\/p>\n\n\n\n<p><\/p>\n\n\n\n<p><\/p>\n\n\n\n<p><strong>Op\u0107inske potpore i premije dobavlja\u010da energije<\/strong><\/p>\n\n\n\n<p>Neke op\u0107ine, kao \u0161to je Grad Luksemburg, mogu dopuniti dr\u017eavnu pomo\u0107 do 50 % iznosa koji je odobrila dr\u017eava.<br>Osim toga, dobavlja\u010di energije, poput Enovosa, nude subvencije kao \u0161to su enoprime, koje mogu dose\u0107i 660 eura za zamjenu 30 m\u00b2 prozora.<\/p>\n\n\n\n<p><\/p>\n\n\n\n<p><\/p>\n\n\n\n<p><strong>Ostale prednosti: super-sni\u017eeni PDV.<\/strong><\/p>\n\n\n\n<p>Tako\u0111er mo\u017eete iskoristiti sni\u017eenu stopu PDV-a od 3 %, koja se primjenjuje na radove energetske obnove.<\/p>\n\n\n\n<p><\/p>\n\n\n\n<p><\/p>\n\n\n\n<p><strong>Nous vous accompagnons dans :<\/strong><\/p>\n\n\n\n<ul class=\"wp-block-list\">\n<li>Projektiranju va\u0161eg projekta.<\/li>\n\n\n\n<li>L\u2019\u00e9valuation des \u00e9conomies d\u2019\u00e9nergie&nbsp;r\u00e9alisables.<\/li>\n\n\n\n<li>Les d\u00e9marches administratives&nbsp;pour obtenir les primes.<\/li>\n<\/ul>\n\n\n\n<p><\/p>\n\n\n\n<p><\/p>\n\n\n\n<p>Za vi\u0161e informacija ili za dobivanje ponude<\/p>\n\n\n\n<p><\/p>\n\n\n\n<p><\/p>\n\n\n\n<p><a href=\"https:\/\/malik.lu\/bs\/contactez-nous\/\">Kontaktirajte nas<\/a><\/p>","protected":false},"excerpt":{"rendered":"<p>Aides financi\u00e8res pour remplacer vos fen\u00eatres au Luxembourg : les essentiels \u00e0 savoir Des aides financi\u00e8res pour la r\u00e9novation \u00e9nerg\u00e9tique.Si vous envisagez de remplacer vos fen\u00eatres dans le cadre d\u2019une r\u00e9novation \u00e9nerg\u00e9tique, sachez que le Luxembourg propose plusieurs dispositifs d\u2019aides financi\u00e8res, notamment gr\u00e2ce au programme&nbsp;Klimabonus Wunnen. Ces aides visent \u00e0 encourager les m\u00e9nages \u00e0 am\u00e9liorer [&hellip;]<\/p>\n","protected":false},"author":1,"featured_media":0,"parent":0,"menu_order":0,"comment_status":"closed","ping_status":"closed","template":"","meta":{"footnotes":""},"class_list":["post-502","page","type-page","status-publish","hentry"],"_links":{"self":[{"href":"https:\/\/malik.lu\/bs\/wp-json\/wp\/v2\/pages\/502","targetHints":{"allow":["GET"]}}],"collection":[{"href":"https:\/\/malik.lu\/bs\/wp-json\/wp\/v2\/pages"}],"about":[{"href":"https:\/\/malik.lu\/bs\/wp-json\/wp\/v2\/types\/page"}],"author":[{"embeddable":true,"href":"https:\/\/malik.lu\/bs\/wp-json\/wp\/v2\/users\/1"}],"replies":[{"embeddable":true,"href":"https:\/\/malik.lu\/bs\/wp-json\/wp\/v2\/comments?post=502"}],"version-history":[{"count":6,"href":"https:\/\/malik.lu\/bs\/wp-json\/wp\/v2\/pages\/502\/revisions"}],"predecessor-version":[{"id":750,"href":"https:\/\/malik.lu\/bs\/wp-json\/wp\/v2\/pages\/502\/revisions\/750"}],"wp:attachment":[{"href":"https:\/\/malik.lu\/bs\/wp-json\/wp\/v2\/media?parent=502"}],"curies":[{"name":"wp","href":"https:\/\/api.w.org\/{rel}","templated":true}]}}